{"id":3663,"date":"2026-01-23T13:41:38","date_gmt":"2026-01-23T13:41:38","guid":{"rendered":"https:\/\/www.animundo.ch\/?page_id=3663"},"modified":"2026-01-23T13:41:40","modified_gmt":"2026-01-23T13:41:40","slug":"condizioni-di-partecipazione","status":"publish","type":"page","link":"https:\/\/www.animundo.ch\/it\/condizioni-di-partecipazione\/","title":{"rendered":"Condizioni di partecipazione"},"content":{"rendered":"\n<h1 class=\"wp-block-heading\">Condizioni di partecipazione<\/h1>\n\n\n\n<p>animundo ag, Cordulaplatz 8, 5400 Baden (di seguito &#8220;organizzatore&#8221;) organizza regolarmente concorsi a premi sui social media (ad es. Facebook, Instagram, ecc.), nonch\u00e9 su altre piattaforme o in occasione di fiere, ed \u00e8 responsabile della loro realizzazione. Il rispettivo gestore della piattaforma non detiene alcun diritto in relazione ai concorsi a premi. Inoltre, non \u00e8 coinvolto in alcun modo, non li sostiene e non funge da referente per la loro realizzazione. Prendendo parte al concorso, i partecipanti accettano le presenti condizioni.<\/p>\n\n\n\n<p>Salvo diversa indicazione, il concorso ha inizio con la pubblicazione del relativo post e presenta una durata limitata. I premi in palio e le regole (in particolare la documentazione necessaria e la procedura per determinare il vincitore o la vincitrice) saranno resi noti nel rispettivo post o nell&#8217;ambito del concorso a premi. Le modalit\u00e0 e lo svolgimento delle estrazioni sono di esclusiva discrezione e responsabilit\u00e0 dell&#8217;organizzatore. La partecipazione \u00e8 gratuita e non vincolata ad alcun acquisto. Non sussiste alcun diritto alla partecipazione o allo svolgimento di un concorso a premi.<\/p>\n\n\n\n<p>Possono partecipare tutte le persone fisiche residenti in Svizzera che abbiano compiuto 18 anni, esclusivamente a titolo personale. Non \u00e8 consentita la partecipazione a nome di altre persone. Inoltre, non possono partecipare al concorso le persone direttamente coinvolte nella gestione dello stesso, i dipendenti di animundo ag e i rispettivi partner, nonch\u00e9 le associazioni di concorsi a premi, i servizi automatizzati e altri enti professionali o commerciali.<\/p>\n\n\n\n<p>Il vincitore o la vincitrice verr\u00e0 contattato\/a tramite il canale di comunicazione della piattaforma o altri mezzi elettronici. Il diritto alla vincita sussiste esclusivamente qualora i recapiti necessari per la consegna del premio siano comunicati in modo corretto. Per l&#8217;assegnazione di quest&#8217;ultimo, il vincitore o la vincitrice deve contattare immediatamente l&#8217;organizzatore per via elettronica, al pi\u00f9 tardi entro 48 ore dalla notifica della vincita (o entro la data indicata, se applicabile). In caso contrario, il premio verr\u00e0 ritirato irrevocabilmente e l&#8217;organizzatore potr\u00e0 procedere a un&#8217;eventuale riassegnazione.<\/p>\n\n\n\n<p>Una volta concluso il concorso a indovinelli, tutti i partecipanti verranno contattati elettronicamente e informati sul numero corretto di soluzioni date. Non vi \u00e8 alcuna ulteriore corrispondenza.<\/p>\n\n\n\n<p>Non \u00e8 previsto il pagamento in contanti n\u00e9 la possibilit\u00e0 di sostituire i premi con altri beni o servizi. Le vincite non sono trasferibili. Sono escluse azioni legali nei confronti dell&#8217;organizzatore. Non verranno fornite informazioni in merito al sorteggio, fatta eccezione per i vincitori.<\/p>\n\n\n\n<p>L&#8217;organizzatore si riserva il diritto di escludere i partecipanti dal concorso senza preavviso n\u00e9 obbligo di motivazione, soprattutto se vi \u00e8 il sospetto o la conferma di abusi, violazioni delle presenti condizioni di partecipazione o altri motivi rilevanti. Ci\u00f2 vale anche per i partecipanti che forniscono informazioni personali false. Inoltre, l\u2019organizzatore si riserva il diritto di modificare in qualsiasi momento le modalit\u00e0 del concorso e di sospenderlo, annullarlo o concluderlo anticipatamente per validi motivi, senza necessit\u00e0 di preavviso.<\/p>\n\n\n\n<p>Con la consegna del premio al vincitore, alla vincitrice o al servizio di spedizione scelto dall&#8217;organizzatore, quest&#8217;ultimo sar\u00e0 esonerato da tutti gli obblighi (in particolare quello di prestazione). L&#8217;organizzatore declina ogni responsabilit\u00e0 (in particolare quelle relative a garanzie materiali e legali sul premio) nella misura massima consentita dalla legge.<\/p>\n\n\n\n<p>Il nome del vincitore o della vincitrice pu\u00f2 essere reso noto a terzi. Infatti, l&#8217;organizzatore si riserva il diritto di trasmettere ai partner i dati personali necessari per la consegna del premio. Il loro trattamento avviene in conformit\u00e0 con l&#8217;informativa sulla privacy dell&#8217;organizzatore, disponibile all&#8217;indirizzo <a href=\"https:\/\/www.animundo.ch\/datenschutz\/\">https:\/\/www.animundo.ch\/it\/privacy\/<\/a>.<\/p>\n\n\n\n<p>Le condizioni di partecipazione possono essere modificate dall&#8217;organizzatore in qualsiasi momento e senza preavviso. I concorsi sono soggetti esclusivamente al diritto svizzero. L&#8217;unico foro competente \u00e8 Baden AG.<\/p>\n\n\n\n<p>Gennaio 2026<\/p>\n","protected":false},"excerpt":{"rendered":"<p>Condizioni di partecipazione animundo ag, Cordulaplatz 8, 5400 Baden (di seguito &#8220;organizzatore&#8221;) organizza regolarmente concorsi a premi sui social media (ad es. Facebook, Instagram, ecc.), nonch\u00e9 su altre piattaforme o in occasione di fiere, ed \u00e8 responsabile della loro realizzazione. Il rispettivo gestore della piattaforma non detiene alcun diritto in relazione ai concorsi a premi. [&hellip;]<\/p>\n","protected":false},"author":1,"featured_media":0,"parent":0,"menu_order":0,"comment_status":"closed","ping_status":"closed","template":"template_INFO_SIMPLE.php","meta":{"_acf_changed":false,"footnotes":""},"class_list":["post-3663","page","type-page","status-publish","hentry"],"acf":[],"yoast_head":"<!-- This site is optimized with the Yoast SEO plugin v27.2 - https:\/\/yoast.com\/product\/yoast-seo-wordpress\/ -->\n<title>Condizioni di partecipazione - animundo<\/title>\n<meta name=\"robots\" content=\"index, follow, max-snippet:-1, max-image-preview:large, max-video-preview:-1\" \/>\n<link rel=\"canonical\" href=\"https:\/\/www.animundo.ch\/it\/condizioni-di-partecipazione\/\" \/>\n<meta property=\"og:locale\" content=\"it_IT\" \/>\n<meta property=\"og:type\" content=\"article\" \/>\n<meta property=\"og:title\" content=\"Condizioni di partecipazione - animundo\" \/>\n<meta property=\"og:description\" content=\"Condizioni di partecipazione animundo ag, Cordulaplatz 8, 5400 Baden (di seguito &#8220;organizzatore&#8221;) organizza regolarmente concorsi a premi sui social media (ad es. Facebook, Instagram, ecc.), nonch\u00e9 su altre piattaforme o in occasione di fiere, ed \u00e8 responsabile della loro realizzazione. Il rispettivo gestore della piattaforma non detiene alcun diritto in relazione ai concorsi a premi. [&hellip;]\" \/>\n<meta property=\"og:url\" content=\"https:\/\/www.animundo.ch\/it\/condizioni-di-partecipazione\/\" \/>\n<meta property=\"og:site_name\" content=\"animundo\" \/>\n<meta property=\"article:modified_time\" content=\"2026-01-23T13:41:40+00:00\" \/>\n<meta name=\"twitter:card\" content=\"summary_large_image\" \/>\n<meta name=\"twitter:label1\" content=\"Tempo di lettura stimato\" \/>\n\t<meta name=\"twitter:data1\" content=\"4 minuti\" \/>\n<script type=\"application\/ld+json\" class=\"yoast-schema-graph\">{\"@context\":\"https:\/\/schema.org\",\"@graph\":[{\"@type\":\"WebPage\",\"@id\":\"https:\/\/www.animundo.ch\/it\/condizioni-di-partecipazione\/\",\"url\":\"https:\/\/www.animundo.ch\/it\/condizioni-di-partecipazione\/\",\"name\":\"Condizioni di partecipazione - animundo\",\"isPartOf\":{\"@id\":\"https:\/\/www.animundo.ch\/#website\"},\"datePublished\":\"2026-01-23T13:41:38+00:00\",\"dateModified\":\"2026-01-23T13:41:40+00:00\",\"breadcrumb\":{\"@id\":\"https:\/\/www.animundo.ch\/it\/condizioni-di-partecipazione\/#breadcrumb\"},\"inLanguage\":\"it-IT\",\"potentialAction\":[{\"@type\":\"ReadAction\",\"target\":[\"https:\/\/www.animundo.ch\/it\/condizioni-di-partecipazione\/\"]}]},{\"@type\":\"BreadcrumbList\",\"@id\":\"https:\/\/www.animundo.ch\/it\/condizioni-di-partecipazione\/#breadcrumb\",\"itemListElement\":[{\"@type\":\"ListItem\",\"position\":1,\"name\":\"Startseite\",\"item\":\"https:\/\/www.animundo.ch\/it\/\"},{\"@type\":\"ListItem\",\"position\":2,\"name\":\"Condizioni di partecipazione\"}]},{\"@type\":\"WebSite\",\"@id\":\"https:\/\/www.animundo.ch\/#website\",\"url\":\"https:\/\/www.animundo.ch\/\",\"name\":\"animundo\",\"description\":\"\",\"potentialAction\":[{\"@type\":\"SearchAction\",\"target\":{\"@type\":\"EntryPoint\",\"urlTemplate\":\"https:\/\/www.animundo.ch\/?s={search_term_string}\"},\"query-input\":{\"@type\":\"PropertyValueSpecification\",\"valueRequired\":true,\"valueName\":\"search_term_string\"}}],\"inLanguage\":\"it-IT\"}]}<\/script>\n<!-- \/ Yoast SEO plugin. -->","yoast_head_json":{"title":"Condizioni di partecipazione - animundo","robots":{"index":"index","follow":"follow","max-snippet":"max-snippet:-1","max-image-preview":"max-image-preview:large","max-video-preview":"max-video-preview:-1"},"canonical":"https:\/\/www.animundo.ch\/it\/condizioni-di-partecipazione\/","og_locale":"it_IT","og_type":"article","og_title":"Condizioni di partecipazione - animundo","og_description":"Condizioni di partecipazione animundo ag, Cordulaplatz 8, 5400 Baden (di seguito &#8220;organizzatore&#8221;) organizza regolarmente concorsi a premi sui social media (ad es. Facebook, Instagram, ecc.), nonch\u00e9 su altre piattaforme o in occasione di fiere, ed \u00e8 responsabile della loro realizzazione. Il rispettivo gestore della piattaforma non detiene alcun diritto in relazione ai concorsi a premi. [&hellip;]","og_url":"https:\/\/www.animundo.ch\/it\/condizioni-di-partecipazione\/","og_site_name":"animundo","article_modified_time":"2026-01-23T13:41:40+00:00","twitter_card":"summary_large_image","twitter_misc":{"Tempo di lettura stimato":"4 minuti"},"schema":{"@context":"https:\/\/schema.org","@graph":[{"@type":"WebPage","@id":"https:\/\/www.animundo.ch\/it\/condizioni-di-partecipazione\/","url":"https:\/\/www.animundo.ch\/it\/condizioni-di-partecipazione\/","name":"Condizioni di partecipazione - animundo","isPartOf":{"@id":"https:\/\/www.animundo.ch\/#website"},"datePublished":"2026-01-23T13:41:38+00:00","dateModified":"2026-01-23T13:41:40+00:00","breadcrumb":{"@id":"https:\/\/www.animundo.ch\/it\/condizioni-di-partecipazione\/#breadcrumb"},"inLanguage":"it-IT","potentialAction":[{"@type":"ReadAction","target":["https:\/\/www.animundo.ch\/it\/condizioni-di-partecipazione\/"]}]},{"@type":"BreadcrumbList","@id":"https:\/\/www.animundo.ch\/it\/condizioni-di-partecipazione\/#breadcrumb","itemListElement":[{"@type":"ListItem","position":1,"name":"Startseite","item":"https:\/\/www.animundo.ch\/it\/"},{"@type":"ListItem","position":2,"name":"Condizioni di partecipazione"}]},{"@type":"WebSite","@id":"https:\/\/www.animundo.ch\/#website","url":"https:\/\/www.animundo.ch\/","name":"animundo","description":"","potentialAction":[{"@type":"SearchAction","target":{"@type":"EntryPoint","urlTemplate":"https:\/\/www.animundo.ch\/?s={search_term_string}"},"query-input":{"@type":"PropertyValueSpecification","valueRequired":true,"valueName":"search_term_string"}}],"inLanguage":"it-IT"}]}},"_links":{"self":[{"href":"https:\/\/www.animundo.ch\/it\/wp-json\/wp\/v2\/pages\/3663","targetHints":{"allow":["GET"]}}],"collection":[{"href":"https:\/\/www.animundo.ch\/it\/wp-json\/wp\/v2\/pages"}],"about":[{"href":"https:\/\/www.animundo.ch\/it\/wp-json\/wp\/v2\/types\/page"}],"author":[{"embeddable":true,"href":"https:\/\/www.animundo.ch\/it\/wp-json\/wp\/v2\/users\/1"}],"replies":[{"embeddable":true,"href":"https:\/\/www.animundo.ch\/it\/wp-json\/wp\/v2\/comments?post=3663"}],"version-history":[{"count":1,"href":"https:\/\/www.animundo.ch\/it\/wp-json\/wp\/v2\/pages\/3663\/revisions"}],"predecessor-version":[{"id":3664,"href":"https:\/\/www.animundo.ch\/it\/wp-json\/wp\/v2\/pages\/3663\/revisions\/3664"}],"wp:attachment":[{"href":"https:\/\/www.animundo.ch\/it\/wp-json\/wp\/v2\/media?parent=3663"}],"curies":[{"name":"wp","href":"https:\/\/api.w.org\/{rel}","templated":true}]}}