{"id":3661,"date":"2026-01-23T13:39:56","date_gmt":"2026-01-23T13:39:56","guid":{"rendered":"https:\/\/www.animundo.ch\/?page_id=3661"},"modified":"2026-01-23T13:39:58","modified_gmt":"2026-01-23T13:39:58","slug":"conditions-de-participation","status":"publish","type":"page","link":"https:\/\/www.animundo.ch\/fr\/conditions-de-participation\/","title":{"rendered":"Conditions de participation"},"content":{"rendered":"\n<h1 class=\"wp-block-heading\">Conditions de participation<\/h1>\n\n\n\n<p>L\u2019animundo&nbsp;ag, Cordulaplatz&nbsp;8, 5400&nbsp;Baden (ci-apr\u00e8s \u00ab\u2060organisateur\u2060\u00bb) organise r\u00e9guli\u00e8rement des jeux-concours sur les plateformes de r\u00e9seaux sociaux (par exemple Facebook, Instagram, etc.) ainsi que sur d\u2019autres plateformes ou lors de salons, et est responsable de leur mise en \u0153uvre. Les exploitants des plateformes concern\u00e9es sont d\u00e9gag\u00e9s de toute responsabilit\u00e9 quant aux r\u00e9clamations li\u00e9es aux jeux-concours. Ils ne sont aucunement impliqu\u00e9s dans les jeux-concours, ne participent pas \u00e0 leur mise en \u0153uvre et ne constituent pas les interlocuteurs pertinents. En participant au concours, les participants acceptent les pr\u00e9sentes conditions de participation.<\/p>\n\n\n\n<p>Sauf indication contraire, les concours commencent avec la publication de leur lancement respectif et sont limit\u00e9s dans le temps. Les prix \u00e0 gagner ainsi que les r\u00e8gles du jeu-concours respectif, en particulier les conditions requises pour participer ainsi que la proc\u00e9dure de d\u00e9termination du gagnant ou de la gagnante, seront annonc\u00e9s dans la publication respective ou dans le cadre du jeu-concours respectif. Les conditions et la mise en \u0153uvre des tirages au sort rel\u00e8vent de la seule discr\u00e9tion et de la seule responsabilit\u00e9 de l\u2019organisateur. La participation est gratuite et n\u2019est pas li\u00e9e \u00e0 un achat. La participation et l\u2019organisation du jeu-concours ne constituent pas un droit acquis et ne cr\u00e9ent aucune pr\u00e9tention juridique au profit des participants.<\/p>\n\n\n\n<p>Sont autoris\u00e9es \u00e0 participer toutes les personnes physiques domicili\u00e9es en Suisse qui ont atteint l\u2019\u00e2ge de 18&nbsp;ans. Les participants ne peuvent participer que pour eux-m\u00eames. La participation en lieu et place d\u2019autrui est interdite. Sont exclues de la participation les personnes directement impliqu\u00e9es dans le d\u00e9roulement du concours, les collaborateurs d\u2019animundo&nbsp;ag et de ses partenaires, ainsi que les associations de jeux-concours, les services automatis\u00e9s et autres participants professionnels ou commerciaux.<\/p>\n\n\n\n<p>Le gagnant ou la gagnante sera contact\u00e9(e) via le canal de communication de la plateforme respective ou par d\u2019autres moyens de communication \u00e9lectroniques. Le droit \u00e0 la remise du gain n\u2019existe que si les coordonn\u00e9es communiqu\u00e9es pour la remise du gain sont correctes. En outre, pour obtenir son prix, le ou la gagnant(e) est tenu(e) de s\u2019adresser \u00e0 l\u2019organisateur par voie \u00e9lectronique imm\u00e9diatement, ou au plus tard dans les 48&nbsp;heures suivant l\u2019annonce du\/de la gagnant(e) (ou jusqu\u2019\u00e0 la date indiqu\u00e9e, le cas \u00e9ch\u00e9ant). Dans le cas contraire, le prix est annul\u00e9 sans compensation et l\u2019organisateur est en droit d\u2019attribuer le prix \u00e0 une tierce personne.<\/p>\n\n\n\n<p>Dans le cas des concours de pronostics, tous les participants seront contact\u00e9s une seule fois par voie \u00e9lectronique \u00e0 l\u2019issue du concours et seront inform\u00e9s de la r\u00e9ponse correcte. Il n\u2019y aura pas d\u2019autres communications.<\/p>\n\n\n\n<p>Le prix ne peut pas \u00eatre \u00e9chang\u00e9 contre un autre prix ou contre des esp\u00e8ces. Les gains ne sont pas transf\u00e9rables. Tout recours juridique est exclu. Seuls les gagnants seront contact\u00e9s suite \u00e0 un tirage au sort. Celui-ci ne donnera pas lieu \u00e0 d\u2019autres formes de correspondance.<\/p>\n\n\n\n<p>L\u2019organisateur se r\u00e9serve le droit d\u2019exclure les participants du concours sans pr\u00e9avis ni justification, en particulier si des abus et\/ou des violations des pr\u00e9sentes conditions de participation sont soup\u00e7onn\u00e9s ou constat\u00e9s, ou pour d\u2019autres raisons majeures et l\u00e9gitimes. Cela s\u2019applique \u00e9galement aux participants qui fournissent de fausses informations sur eux-m\u00eames. En outre, l\u2019organisateur est en droit de modifier \u00e0 tout moment les modalit\u00e9s du concours, ainsi que de suspendre, d\u2019annuler ou de mettre fin pr\u00e9matur\u00e9ment au concours pour des raisons majeures et l\u00e9gitimes, sans pr\u00e9avis.<\/p>\n\n\n\n<p>En remettant le prix au gagnant\/\u00e0 la gagnante ou au service d\u2019exp\u00e9dition choisi par l\u2019organisateur, l\u2019organisateur est d\u00e9gag\u00e9 de toutes ses obligations (notamment de son obligation de fournir les prestations). L\u2019organisateur d\u00e9cline toute responsabilit\u00e9 (en particulier toute garantie mat\u00e9rielle et juridique sur les gains) dans toute la mesure permise par la loi.<\/p>\n\n\n\n<p>Le nom du gagnant ou de la gagnante peut \u00eatre divulgu\u00e9 \u00e0 des tiers. L\u2019organisateur est autoris\u00e9 \u00e0 transmettre \u00e0 ses partenaires les donn\u00e9es personnelles du\/de la gagnant(e) n\u00e9cessaires \u00e0 la remise du prix. Le traitement des donn\u00e9es personnelles a lieu conform\u00e9ment \u00e0 la d\u00e9claration de protection des donn\u00e9es de l\u2019organisateur, disponible sur <a href=\"https:\/\/www.animundo.ch\/fr\/confidentialite\/\">https:\/\/www.animundo.ch\/fr\/confidentialite\/<\/a>.<\/p>\n\n\n\n<p>L\u2019organisateur peut modifier les conditions de participation \u00e0 tout moment et sans pr\u00e9avis. Les concours sont exclusivement soumis au droit suisse. Le for juridique exclusif est Baden (Argovie).<\/p>\n\n\n\n<p>Janvier&nbsp;2026<\/p>\n","protected":false},"excerpt":{"rendered":"<p>Conditions de participation L\u2019animundo&nbsp;ag, Cordulaplatz&nbsp;8, 5400&nbsp;Baden (ci-apr\u00e8s \u00ab\u2060organisateur\u2060\u00bb) organise r\u00e9guli\u00e8rement des jeux-concours sur les plateformes de r\u00e9seaux sociaux (par exemple Facebook, Instagram, etc.) ainsi que sur d\u2019autres plateformes ou lors de salons, et est responsable de leur mise en \u0153uvre. Les exploitants des plateformes concern\u00e9es sont d\u00e9gag\u00e9s de toute responsabilit\u00e9 quant aux r\u00e9clamations li\u00e9es aux [&hellip;]<\/p>\n","protected":false},"author":1,"featured_media":0,"parent":0,"menu_order":0,"comment_status":"closed","ping_status":"closed","template":"template_INFO_SIMPLE.php","meta":{"_acf_changed":false,"footnotes":""},"class_list":["post-3661","page","type-page","status-publish","hentry"],"acf":[],"yoast_head":"<!-- This site is optimized with the Yoast SEO plugin v27.2 - https:\/\/yoast.com\/product\/yoast-seo-wordpress\/ -->\n<title>Conditions de participation - animundo<\/title>\n<meta name=\"robots\" content=\"index, follow, max-snippet:-1, max-image-preview:large, max-video-preview:-1\" \/>\n<link rel=\"canonical\" href=\"https:\/\/www.animundo.ch\/fr\/conditions-de-participation\/\" \/>\n<meta property=\"og:locale\" content=\"fr_FR\" \/>\n<meta property=\"og:type\" content=\"article\" \/>\n<meta property=\"og:title\" content=\"Conditions de participation - animundo\" \/>\n<meta property=\"og:description\" content=\"Conditions de participation L\u2019animundo&nbsp;ag, Cordulaplatz&nbsp;8, 5400&nbsp;Baden (ci-apr\u00e8s \u00ab\u2060organisateur\u2060\u00bb) organise r\u00e9guli\u00e8rement des jeux-concours sur les plateformes de r\u00e9seaux sociaux (par exemple Facebook, Instagram, etc.) ainsi que sur d\u2019autres plateformes ou lors de salons, et est responsable de leur mise en \u0153uvre. Les exploitants des plateformes concern\u00e9es sont d\u00e9gag\u00e9s de toute responsabilit\u00e9 quant aux r\u00e9clamations li\u00e9es aux [&hellip;]\" \/>\n<meta property=\"og:url\" content=\"https:\/\/www.animundo.ch\/fr\/conditions-de-participation\/\" \/>\n<meta property=\"og:site_name\" content=\"animundo\" \/>\n<meta property=\"article:modified_time\" content=\"2026-01-23T13:39:58+00:00\" \/>\n<meta name=\"twitter:card\" content=\"summary_large_image\" \/>\n<meta name=\"twitter:label1\" content=\"Dur\u00e9e de lecture estim\u00e9e\" \/>\n\t<meta name=\"twitter:data1\" content=\"4 minutes\" \/>\n<script type=\"application\/ld+json\" class=\"yoast-schema-graph\">{\"@context\":\"https:\/\/schema.org\",\"@graph\":[{\"@type\":\"WebPage\",\"@id\":\"https:\/\/www.animundo.ch\/fr\/conditions-de-participation\/\",\"url\":\"https:\/\/www.animundo.ch\/fr\/conditions-de-participation\/\",\"name\":\"Conditions de participation - animundo\",\"isPartOf\":{\"@id\":\"https:\/\/www.animundo.ch\/#website\"},\"datePublished\":\"2026-01-23T13:39:56+00:00\",\"dateModified\":\"2026-01-23T13:39:58+00:00\",\"breadcrumb\":{\"@id\":\"https:\/\/www.animundo.ch\/fr\/conditions-de-participation\/#breadcrumb\"},\"inLanguage\":\"fr-FR\",\"potentialAction\":[{\"@type\":\"ReadAction\",\"target\":[\"https:\/\/www.animundo.ch\/fr\/conditions-de-participation\/\"]}]},{\"@type\":\"BreadcrumbList\",\"@id\":\"https:\/\/www.animundo.ch\/fr\/conditions-de-participation\/#breadcrumb\",\"itemListElement\":[{\"@type\":\"ListItem\",\"position\":1,\"name\":\"Startseite\",\"item\":\"https:\/\/www.animundo.ch\/fr\/\"},{\"@type\":\"ListItem\",\"position\":2,\"name\":\"Conditions de participation\"}]},{\"@type\":\"WebSite\",\"@id\":\"https:\/\/www.animundo.ch\/#website\",\"url\":\"https:\/\/www.animundo.ch\/\",\"name\":\"animundo\",\"description\":\"\",\"potentialAction\":[{\"@type\":\"SearchAction\",\"target\":{\"@type\":\"EntryPoint\",\"urlTemplate\":\"https:\/\/www.animundo.ch\/?s={search_term_string}\"},\"query-input\":{\"@type\":\"PropertyValueSpecification\",\"valueRequired\":true,\"valueName\":\"search_term_string\"}}],\"inLanguage\":\"fr-FR\"}]}<\/script>\n<!-- \/ Yoast SEO plugin. -->","yoast_head_json":{"title":"Conditions de participation - animundo","robots":{"index":"index","follow":"follow","max-snippet":"max-snippet:-1","max-image-preview":"max-image-preview:large","max-video-preview":"max-video-preview:-1"},"canonical":"https:\/\/www.animundo.ch\/fr\/conditions-de-participation\/","og_locale":"fr_FR","og_type":"article","og_title":"Conditions de participation - animundo","og_description":"Conditions de participation L\u2019animundo&nbsp;ag, Cordulaplatz&nbsp;8, 5400&nbsp;Baden (ci-apr\u00e8s \u00ab\u2060organisateur\u2060\u00bb) organise r\u00e9guli\u00e8rement des jeux-concours sur les plateformes de r\u00e9seaux sociaux (par exemple Facebook, Instagram, etc.) ainsi que sur d\u2019autres plateformes ou lors de salons, et est responsable de leur mise en \u0153uvre. Les exploitants des plateformes concern\u00e9es sont d\u00e9gag\u00e9s de toute responsabilit\u00e9 quant aux r\u00e9clamations li\u00e9es aux [&hellip;]","og_url":"https:\/\/www.animundo.ch\/fr\/conditions-de-participation\/","og_site_name":"animundo","article_modified_time":"2026-01-23T13:39:58+00:00","twitter_card":"summary_large_image","twitter_misc":{"Dur\u00e9e de lecture estim\u00e9e":"4 minutes"},"schema":{"@context":"https:\/\/schema.org","@graph":[{"@type":"WebPage","@id":"https:\/\/www.animundo.ch\/fr\/conditions-de-participation\/","url":"https:\/\/www.animundo.ch\/fr\/conditions-de-participation\/","name":"Conditions de participation - animundo","isPartOf":{"@id":"https:\/\/www.animundo.ch\/#website"},"datePublished":"2026-01-23T13:39:56+00:00","dateModified":"2026-01-23T13:39:58+00:00","breadcrumb":{"@id":"https:\/\/www.animundo.ch\/fr\/conditions-de-participation\/#breadcrumb"},"inLanguage":"fr-FR","potentialAction":[{"@type":"ReadAction","target":["https:\/\/www.animundo.ch\/fr\/conditions-de-participation\/"]}]},{"@type":"BreadcrumbList","@id":"https:\/\/www.animundo.ch\/fr\/conditions-de-participation\/#breadcrumb","itemListElement":[{"@type":"ListItem","position":1,"name":"Startseite","item":"https:\/\/www.animundo.ch\/fr\/"},{"@type":"ListItem","position":2,"name":"Conditions de participation"}]},{"@type":"WebSite","@id":"https:\/\/www.animundo.ch\/#website","url":"https:\/\/www.animundo.ch\/","name":"animundo","description":"","potentialAction":[{"@type":"SearchAction","target":{"@type":"EntryPoint","urlTemplate":"https:\/\/www.animundo.ch\/?s={search_term_string}"},"query-input":{"@type":"PropertyValueSpecification","valueRequired":true,"valueName":"search_term_string"}}],"inLanguage":"fr-FR"}]}},"_links":{"self":[{"href":"https:\/\/www.animundo.ch\/fr\/wp-json\/wp\/v2\/pages\/3661","targetHints":{"allow":["GET"]}}],"collection":[{"href":"https:\/\/www.animundo.ch\/fr\/wp-json\/wp\/v2\/pages"}],"about":[{"href":"https:\/\/www.animundo.ch\/fr\/wp-json\/wp\/v2\/types\/page"}],"author":[{"embeddable":true,"href":"https:\/\/www.animundo.ch\/fr\/wp-json\/wp\/v2\/users\/1"}],"replies":[{"embeddable":true,"href":"https:\/\/www.animundo.ch\/fr\/wp-json\/wp\/v2\/comments?post=3661"}],"version-history":[{"count":1,"href":"https:\/\/www.animundo.ch\/fr\/wp-json\/wp\/v2\/pages\/3661\/revisions"}],"predecessor-version":[{"id":3662,"href":"https:\/\/www.animundo.ch\/fr\/wp-json\/wp\/v2\/pages\/3661\/revisions\/3662"}],"wp:attachment":[{"href":"https:\/\/www.animundo.ch\/fr\/wp-json\/wp\/v2\/media?parent=3661"}],"curies":[{"name":"wp","href":"https:\/\/api.w.org\/{rel}","templated":true}]}}