{"id":2541,"date":"2025-09-16T13:10:19","date_gmt":"2025-09-16T13:10:19","guid":{"rendered":"https:\/\/www.animundo.ch\/support\/"},"modified":"2025-10-17T19:20:03","modified_gmt":"2025-10-17T19:20:03","slug":"assistance","status":"publish","type":"page","link":"https:\/\/www.animundo.ch\/fr\/assistance\/","title":{"rendered":"Assistance"},"content":{"rendered":"\n<div class=\"wpcf7 no-js\" id=\"wpcf7-f226-o1\" lang=\"en-US\" dir=\"ltr\" data-wpcf7-id=\"226\">\n<div class=\"screen-reader-response\"><p role=\"status\" aria-live=\"polite\" aria-atomic=\"true\"><\/p> <ul><\/ul><\/div>\n<form action=\"\/fr\/wp-json\/wp\/v2\/pages\/2541#wpcf7-f226-o1\" method=\"post\" class=\"wpcf7-form init\" aria-label=\"Contact form\" novalidate=\"novalidate\" data-status=\"init\">\n<fieldset class=\"hidden-fields-container\"><input type=\"hidden\" name=\"_wpcf7\" value=\"226\" \/><input type=\"hidden\" name=\"_wpcf7_version\" value=\"6.1.5\" \/><input type=\"hidden\" name=\"_wpcf7_locale\" value=\"en_US\" \/><input type=\"hidden\" name=\"_wpcf7_unit_tag\" value=\"wpcf7-f226-o1\" \/><input type=\"hidden\" name=\"_wpcf7_container_post\" value=\"0\" \/><input type=\"hidden\" name=\"_wpcf7_posted_data_hash\" value=\"\" \/>\n<\/fieldset>\n<div class=\"form\">\n\n<h2 class=\"full title color_fff font-32 weight_700 lh-auto\">Tu as des questions\u2060?<\/h2>\n<p class=\"full text color_fff font-20 weight_500 lh-auto\">Tu trouveras s\u00fbrement la r\u00e9ponse dans notre <u><a href=\"\/fr\/faq\">FAQ<\/a><\/u>. Notre assistance se tient \u00e9galement \u00e0 ta disposition. Envoie-nous ta demande et nous te recontacterons dans les meilleurs d\u00e9lais.<\/p>\n\n<div class=\"full checkbox\"><label>Titre<\/label><span class=\"wpcf7-form-control-wrap\" data-name=\"gender\"><span class=\"wpcf7-form-control wpcf7-checkbox wpcf7-validates-as-required wpcf7-exclusive-checkbox\"><span class=\"wpcf7-list-item first\"><input type=\"checkbox\" name=\"gender\" value=\"Monsieur\" \/><span class=\"wpcf7-list-item-label\">Monsieur<\/span><\/span><span class=\"wpcf7-list-item\"><input type=\"checkbox\" name=\"gender\" value=\"Madame\" \/><span class=\"wpcf7-list-item-label\">Madame<\/span><\/span><span class=\"wpcf7-list-item last\"><input type=\"checkbox\" name=\"gender\" value=\"Autre\" \/><span class=\"wpcf7-list-item-label\">Autre<\/span><\/span><\/span><\/span><\/div>\n<div class=\"item\"><label>Pr\u00e9nom<\/label><span class=\"wpcf7-form-control-wrap\" data-name=\"firstname\"><input size=\"40\" maxlength=\"400\" class=\"wpcf7-form-control wpcf7-text wpcf7-validates-as-required\" aria-required=\"true\" aria-invalid=\"false\" placeholder=\"Pr\u00e9nom\" value=\"\" type=\"text\" name=\"firstname\" \/><\/span><\/div>\n<div class=\"item\"><label>Nom<\/label><span class=\"wpcf7-form-control-wrap\" data-name=\"lastname\"><input size=\"40\" maxlength=\"400\" class=\"wpcf7-form-control wpcf7-text wpcf7-validates-as-required\" aria-required=\"true\" aria-invalid=\"false\" placeholder=\"Nom\" value=\"\" type=\"text\" name=\"lastname\" \/><\/span><\/div>\n\n<div class=\"full\"><label>Adresse e-mail<\/label><span class=\"wpcf7-form-control-wrap\" data-name=\"email\"><input size=\"40\" maxlength=\"400\" class=\"wpcf7-form-control wpcf7-email wpcf7-validates-as-required wpcf7-text wpcf7-validates-as-email\" aria-required=\"true\" aria-invalid=\"false\" placeholder=\"email@example.com\" value=\"\" type=\"email\" name=\"email\" \/><\/span><\/div>\n\n<div class=\"full\">\n    <label>Message<\/label><span class=\"wpcf7-form-control-wrap\" data-name=\"message\"><textarea cols=\"40\" rows=\"10\" maxlength=\"2000\" class=\"wpcf7-form-control wpcf7-textarea wpcf7-validates-as-required\" aria-required=\"true\" aria-invalid=\"false\" placeholder=\"Ton message...\" name=\"message\"><\/textarea><\/span>\n  <\/div>\n\n<div class=\"quiz full\">\n    <span class=\"wpcf7-form-control-wrap\" data-name=\"quiz-620\"><label><span class=\"wpcf7-quiz-label\">Quel est le chiffre le plus \u00e9lev\u00e9, 7 ou 3?<\/span> <input size=\"40\" class=\"wpcf7-form-control wpcf7-quiz\" autocomplete=\"off\" aria-required=\"true\" aria-invalid=\"false\" type=\"text\" name=\"quiz-620\" \/><\/label><input type=\"hidden\" name=\"_wpcf7_quiz_answer_quiz-620\" value=\"07b2de6e126edbf89a8a99583a171a24\" \/><\/span>\n<\/div>\n\n<div class=\"row submit full\">\n<button type=\"submit\" class=\"wpcf7-form-control wpcf7-submit main-link red\">Inscris-toi d\u00e8s maintenant<\/button>\n<\/div>\n<\/div><div class=\"wpcf7-response-output\" aria-hidden=\"true\"><\/div>\n<\/form>\n<\/div>\n\n","protected":false},"excerpt":{"rendered":"","protected":false},"author":1,"featured_media":0,"parent":0,"menu_order":0,"comment_status":"closed","ping_status":"closed","template":"template_INFO.php","meta":{"_acf_changed":false,"footnotes":""},"class_list":["post-2541","page","type-page","status-publish","hentry"],"acf":[],"yoast_head":"<!-- This site is optimized with the Yoast SEO plugin v27.5 - https:\/\/yoast.com\/product\/yoast-seo-wordpress\/ -->\n<title>Assistance - animundo<\/title>\n<meta name=\"robots\" content=\"index, follow, max-snippet:-1, max-image-preview:large, max-video-preview:-1\" \/>\n<link rel=\"canonical\" href=\"https:\/\/www.animundo.ch\/support\/\" \/>\n<meta property=\"og:locale\" content=\"fr_FR\" \/>\n<meta property=\"og:type\" content=\"article\" \/>\n<meta property=\"og:title\" content=\"Assistance - animundo\" \/>\n<meta property=\"og:url\" content=\"https:\/\/www.animundo.ch\/support\/\" \/>\n<meta property=\"og:site_name\" content=\"animundo\" \/>\n<meta property=\"article:modified_time\" content=\"2025-10-17T19:20:03+00:00\" \/>\n<meta name=\"twitter:card\" content=\"summary_large_image\" \/>\n<meta name=\"twitter:label1\" content=\"Dur\u00e9e de lecture estim\u00e9e\" \/>\n\t<meta name=\"twitter:data1\" content=\"1 minute\" \/>\n<script type=\"application\/ld+json\" class=\"yoast-schema-graph\">{\"@context\":\"https:\\\/\\\/schema.org\",\"@graph\":[{\"@type\":\"WebPage\",\"@id\":\"https:\\\/\\\/www.animundo.ch\\\/support\\\/\",\"url\":\"https:\\\/\\\/www.animundo.ch\\\/support\\\/\",\"name\":\"Assistance - animundo\",\"isPartOf\":{\"@id\":\"https:\\\/\\\/www.animundo.ch\\\/#website\"},\"datePublished\":\"2025-09-16T13:10:19+00:00\",\"dateModified\":\"2025-10-17T19:20:03+00:00\",\"breadcrumb\":{\"@id\":\"https:\\\/\\\/www.animundo.ch\\\/support\\\/#breadcrumb\"},\"inLanguage\":\"fr-FR\",\"potentialAction\":[{\"@type\":\"ReadAction\",\"target\":[\"https:\\\/\\\/www.animundo.ch\\\/support\\\/\"]}]},{\"@type\":\"BreadcrumbList\",\"@id\":\"https:\\\/\\\/www.animundo.ch\\\/support\\\/#breadcrumb\",\"itemListElement\":[{\"@type\":\"ListItem\",\"position\":1,\"name\":\"Startseite\",\"item\":\"https:\\\/\\\/www.animundo.ch\\\/fr\\\/\"},{\"@type\":\"ListItem\",\"position\":2,\"name\":\"Assistance\"}]},{\"@type\":\"WebSite\",\"@id\":\"https:\\\/\\\/www.animundo.ch\\\/#website\",\"url\":\"https:\\\/\\\/www.animundo.ch\\\/\",\"name\":\"animundo\",\"description\":\"\",\"potentialAction\":[{\"@type\":\"SearchAction\",\"target\":{\"@type\":\"EntryPoint\",\"urlTemplate\":\"https:\\\/\\\/www.animundo.ch\\\/?s={search_term_string}\"},\"query-input\":{\"@type\":\"PropertyValueSpecification\",\"valueRequired\":true,\"valueName\":\"search_term_string\"}}],\"inLanguage\":\"fr-FR\"}]}<\/script>\n<!-- \/ Yoast SEO plugin. -->","yoast_head_json":{"title":"Assistance - animundo","robots":{"index":"index","follow":"follow","max-snippet":"max-snippet:-1","max-image-preview":"max-image-preview:large","max-video-preview":"max-video-preview:-1"},"canonical":"https:\/\/www.animundo.ch\/support\/","og_locale":"fr_FR","og_type":"article","og_title":"Assistance - animundo","og_url":"https:\/\/www.animundo.ch\/support\/","og_site_name":"animundo","article_modified_time":"2025-10-17T19:20:03+00:00","twitter_card":"summary_large_image","twitter_misc":{"Dur\u00e9e de lecture estim\u00e9e":"1 minute"},"schema":{"@context":"https:\/\/schema.org","@graph":[{"@type":"WebPage","@id":"https:\/\/www.animundo.ch\/support\/","url":"https:\/\/www.animundo.ch\/support\/","name":"Assistance - animundo","isPartOf":{"@id":"https:\/\/www.animundo.ch\/#website"},"datePublished":"2025-09-16T13:10:19+00:00","dateModified":"2025-10-17T19:20:03+00:00","breadcrumb":{"@id":"https:\/\/www.animundo.ch\/support\/#breadcrumb"},"inLanguage":"fr-FR","potentialAction":[{"@type":"ReadAction","target":["https:\/\/www.animundo.ch\/support\/"]}]},{"@type":"BreadcrumbList","@id":"https:\/\/www.animundo.ch\/support\/#breadcrumb","itemListElement":[{"@type":"ListItem","position":1,"name":"Startseite","item":"https:\/\/www.animundo.ch\/fr\/"},{"@type":"ListItem","position":2,"name":"Assistance"}]},{"@type":"WebSite","@id":"https:\/\/www.animundo.ch\/#website","url":"https:\/\/www.animundo.ch\/","name":"animundo","description":"","potentialAction":[{"@type":"SearchAction","target":{"@type":"EntryPoint","urlTemplate":"https:\/\/www.animundo.ch\/?s={search_term_string}"},"query-input":{"@type":"PropertyValueSpecification","valueRequired":true,"valueName":"search_term_string"}}],"inLanguage":"fr-FR"}]}},"_links":{"self":[{"href":"https:\/\/www.animundo.ch\/fr\/wp-json\/wp\/v2\/pages\/2541","targetHints":{"allow":["GET"]}}],"collection":[{"href":"https:\/\/www.animundo.ch\/fr\/wp-json\/wp\/v2\/pages"}],"about":[{"href":"https:\/\/www.animundo.ch\/fr\/wp-json\/wp\/v2\/types\/page"}],"author":[{"embeddable":true,"href":"https:\/\/www.animundo.ch\/fr\/wp-json\/wp\/v2\/users\/1"}],"replies":[{"embeddable":true,"href":"https:\/\/www.animundo.ch\/fr\/wp-json\/wp\/v2\/comments?post=2541"}],"version-history":[{"count":1,"href":"https:\/\/www.animundo.ch\/fr\/wp-json\/wp\/v2\/pages\/2541\/revisions"}],"predecessor-version":[{"id":2544,"href":"https:\/\/www.animundo.ch\/fr\/wp-json\/wp\/v2\/pages\/2541\/revisions\/2544"}],"wp:attachment":[{"href":"https:\/\/www.animundo.ch\/fr\/wp-json\/wp\/v2\/media?parent=2541"}],"curies":[{"name":"wp","href":"https:\/\/api.w.org\/{rel}","templated":true}]}}